{"id":226,"date":"2016-08-01T11:52:11","date_gmt":"2016-08-01T11:52:11","guid":{"rendered":"https:\/\/spautofolije.hr\/?page_id=226"},"modified":"2024-04-18T08:44:05","modified_gmt":"2024-04-18T08:44:05","slug":"kontakt","status":"publish","type":"page","link":"https:\/\/spautofolije.hr\/en\/kontakt\/","title":{"rendered":"Contact"},"content":{"rendered":"<section class=\"fw-main-row  ds section_padding_top_100 section_padding_bottom_100 columns_padding_15 columns_margin_bottom_20\" >\n\n\t<div class=\"container\">\n\t\t<div class=\"row\">\n\t\t\t\n        <div class=\"fw-divider-space\" style=\"padding-top: 5px;\"><\/div><div class=\"col-xs-12 bottommargin_10_strict\" >\n\t\n\t<h2 class=\"text-left section_header   heading-last\">\n\t<span class=\"semibold text-uppercase\">\n\t\tContact\t<\/span>\n\t<\/h2>        <span class=\"heading-underline text-left\"><\/span><\/div>\n<div class=\"col-xs-12 col-md-5\" >\n\t<p>Whether you need details about our tinting services, maintenance tips, or information on pricing and options, we're here to help. Feel free to contact us by e-mail, phone or fill out the contact form.<\/p><p>Our team will do its best to respond to your inquiry as quickly as possible.<\/p>\n        <div class=\"fw-divider-space\" style=\"padding-top: 1px;\"><\/div><ul class=\"icon-list list1 no-bullets no-top-border no-bottom-border\">\n\t\t\t<li>\n\t\t\t\t<div class=\"media small-teaser\">\n\t\t\t\t\t<div class=\"media-left\">\n\t\t\t\t<i class=\"flaticon-phone-call highlight fontsize_20\"><\/i>\n\t\t\t<\/div>\n\t\t\t\t<div class=\"media-body\">\n            <span class=\"grey\">\n                Mobile<br><\/span>\n            <span class=\"media-body-main\">\n                +385 95 9404 011<\/span>\n\t\t<\/div>\n\t<\/div>\n\t\t\t<\/li>\n\t\t\t<li>\n\t\t\t\t<div class=\"media small-teaser\">\n\t\t\t\t\t<div class=\"media-left\">\n\t\t\t\t<i class=\"flaticon-placeholder highlight fontsize_20\"><\/i>\n\t\t\t<\/div>\n\t\t\t\t<div class=\"media-body\">\n            <span class=\"grey\">\n                Address<br><\/span>\n            <span class=\"media-body-main\">\n                Podgorje Bistri\u010dko 174, 49246 Marija Bistrica<\/span>\n\t\t<\/div>\n\t<\/div>\n\t\t\t<\/li>\n\t\t\t<li>\n\t\t\t\t<div class=\"media small-teaser\">\n\t\t\t\t\t<div class=\"media-left\">\n\t\t\t\t<i class=\"flaticon-envelope highlight fontsize_20\"><\/i>\n\t\t\t<\/div>\n\t\t\t\t<div class=\"media-body\">\n            <span class=\"grey\">\n                E-mail address<br><\/span>\n            <span class=\"media-body-main\">\n                info@spautofolije.hr<\/span>\n\t\t<\/div>\n\t<\/div>\n\t\t\t<\/li>\n\t<\/ul>\n        <div class=\"fw-divider-space\" style=\"padding-top: 32px;\"><\/div><span class=\"social-icons greylinks\">\n\t\t\t\t<a href=\"https:\/\/www.facebook.com\/spautofolije\/?locale=hr_HR\"\n\t\t\t   class=\"social-icon soc-facebook  bg-icon hover-bg fontsize_12_strict\"\n\t\t\t   target=\"_blank\"><\/a>\n\t\t\t\t\t\t<a href=\"https:\/\/www.instagram.com\/explore\/locations\/450658908411370\/sp-auto-folije-elite-carwraps-tints\/\"\n\t\t\t   class=\"social-icon soc-linkedin  bg-icon hover-bg fontsize_12_strict\"\n\t\t\t   target=\"_blank\"><\/a>\n\t\t\t\t\t\t<a href=\"mailto:info@spautofolije.hr\"\n\t\t\t   class=\"social-icon soc-mail  bg-icon hover-bg fontsize_12_strict\"\n\t\t\t   target=\"_blank\"><\/a>\n\t\t\t<\/span>\n<\/div>\n<div class=\"col-xs-12 col-md-7\" >\n\t\n        <div class=\"fw-divider-space\" style=\"margin-top: -12px;\"><\/div><div class=\"form-wrapper  columns_padding_5\">\n\t<form data-fw-form-id=\"fw_form\" method=\"post\" action=\"https:\/\/spautofolije.hr\/en\/wp-json\/wp\/v2\/pages\/226\" class=\"fw_form_fw_form\" data-fw-ext-forms-type=\"contact-forms\" data-trp-original-action=\"https:\/\/spautofolije.hr\/en\/wp-json\/wp\/v2\/pages\/226\"><input type=\"hidden\" name=\"fwf\" value=\"fw_form\" \/><input type=\"hidden\" id=\"_nonce_a78e578a0b2f2e874d450ee8b4431621\" name=\"_nonce_a78e578a0b2f2e874d450ee8b4431621\" value=\"62c3308dec\" \/><input type=\"hidden\" name=\"_wp_http_referer\" value=\"\/en\/wp-json\/wp\/v2\/pages\/226\" \/><input type=\"hidden\" name=\"fw_ext_forms_form_type\" value=\"contact-forms\" \/><input type=\"hidden\" name=\"fw_ext_forms_form_id\" value=\"49e2813a9bfedd30a935b9ec8eab2c1e\" \/><div class=\"wrap-forms\">\n\t<div class=\"row\"><\/div><div class=\"row\"><div class=\"col-xs-12 col-md-6 form-builder-item\">\n\t<div class=\"form-group has-placeholder\">\n\t\t<label for=\"id-1\">Full Name\t\t\t<sup>*<\/sup>\t\t<\/label>\n\t\t<input class=\"form-control\" type=\"text\" name=\"text_fe85411\" placeholder=\"Enter your name\" value=\"\" id=\"id-1\" required=\"required\">\n\t\t\t<\/div>\n<\/div><div class=\"col-xs-12 col-md-6 form-builder-item\">\n\t<div class=\"form-group has-placeholder\">\n\t\t<label for=\"id-2\">Email\t\t\t<sup>*<\/sup>\t\t<\/label>\n\t\t<input class=\"form-control\" type=\"text\" name=\"email_c005d4a\" placeholder=\"Enter your email\" value=\"\" id=\"id-2\" required=\"required\">\n\t\t\t<\/div>\n<\/div><\/div><div class=\"row\"><div class=\"col-xs-12 form-builder-item\">\n\t<div class=\"form-group has-placeholder\">\n\t\t<label for=\"id-3\">Subject\t\t\t<sup>*<\/sup>\t\t<\/label>\n\t\t<input class=\"form-control\" type=\"text\" name=\"text_1831d33\" placeholder=\"Subject\" value=\"\" id=\"id-3\" required=\"required\">\n\t\t\t<\/div>\n<\/div><\/div><div class=\"row\"><div class=\"col-xs-12 form-builder-item\">\n\t<div class=\"form-group has-placeholder\">\n\t\t<label for=\"id-4\">Message\t\t\t<sup>*<\/sup>\t\t<\/label>\n\t\t<textarea class=\"form-control\" name=\"textarea_2473798\" placeholder=\"Enter your message\" id=\"id-4\" required=\"required\"><\/textarea>\n\t\t\t<\/div>\n<\/div><\/div><div class=\"row\"><\/div><\/div><div class=\"wrap-forms topmargin_5\">\n\t<div class=\"row\">\n\t\t<div class=\"col-sm-12\">\n            <button class=\"theme_button small_button\" type=\"submit\" value=\"\">Send a message<\/button>\n\t\t\t\t\t\t\t<input class=\"theme_button wide_button\" type=\"reset\" value=\"Poni\u0161ti obrazac\" \/>\n\t\t\t\t\t<\/div>\n\t<\/div>\n<\/div><input type=\"hidden\" name=\"trp-form-language\" value=\"en\"\/><\/form><\/div><\/div>\n\n<div class=\"fw-shotcode-custom-shortcode centered\"\n     style=\"max-width: 1000px;\"><div style=\"max-width:100%;list-style:none; transition: none;overflow:hidden;width:1000px;height:400px;\"><div id=\"embed-map-display\" style=\"height:100%; width:100%;max-width:100%;\"><iframe style=\"height:100%;width:100%;border:0;\" frameborder=\"0\" src=\"https:\/\/www.google.com\/maps\/embed\/v1\/place?q=Podgorje+Bistri\u010dko+174,+Podgorje+Bistri\u010dko,+Marija+Bistrica,+Croatia&key=AIzaSyBFw0Qbyq9zTFTd-tUY6dZWTgaQzuU17R8\"><\/iframe><\/div><a class=\"google-maps-html\" href=\"https:\/\/www.bootstrapskins.com\/themes\" id=\"auth-map-data\">premium bootstrap themes<\/a><style>#embed-map-display img{max-height:none;max-width:none!important;background:none!important;}<\/style><\/div><\/div>\t\t<\/div>\n\t<\/div>\n<\/section>","protected":false},"excerpt":{"rendered":"<p>Kontakt Bez obzira trebate li detalje o na\u0161im uslugama zatamnjivanja stakala, savjete o odr\u017eavanju, ili informacije o cijenama i mogu\u0107nostima, mi smo tu da vam pomognemo. Slobodno nas kontaktirajte putem e-maila, telefona ili ispunite kontakt obrazac.Na\u0161 tim \u0107e se potruditi da odgovori na Va\u0161 upit \u0161to je br\u017ee mogu\u0107e. Broj mobitela +385 95 9404 011 [&hellip;]<\/p>","protected":false},"author":1,"featured_media":0,"parent":0,"menu_order":3,"comment_status":"closed","ping_status":"closed","template":"page-templates\/full-width.php","meta":{"footnotes":""},"folder":[],"class_list":["post-226","page","type-page","status-publish","hentry"],"yoast_head":"<!-- This site is optimized with the Yoast SEO plugin v26.2 - https:\/\/yoast.com\/wordpress\/plugins\/seo\/ -->\n<title>Kontakt - SP Auto Folije<\/title>\n<meta name=\"robots\" content=\"index, follow, max-snippet:-1, max-image-preview:large, max-video-preview:-1\" \/>\n<link rel=\"canonical\" href=\"https:\/\/spautofolije.hr\/en\/kontakt\/\" \/>\n<meta property=\"og:locale\" content=\"en_US\" \/>\n<meta property=\"og:type\" content=\"article\" \/>\n<meta property=\"og:title\" content=\"Kontakt - SP Auto Folije\" \/>\n<meta property=\"og:description\" content=\"Kontakt Bez obzira trebate li detalje o na\u0161im uslugama zatamnjivanja stakala, savjete o odr\u017eavanju, ili informacije o cijenama i mogu\u0107nostima, mi smo tu da vam pomognemo. Slobodno nas kontaktirajte putem e-maila, telefona ili ispunite kontakt obrazac.Na\u0161 tim \u0107e se potruditi da odgovori na Va\u0161 upit \u0161to je br\u017ee mogu\u0107e. Broj mobitela +385 95 9404 011 [&hellip;]\" \/>\n<meta property=\"og:url\" content=\"https:\/\/spautofolije.hr\/en\/kontakt\/\" \/>\n<meta property=\"og:site_name\" content=\"SP Auto Folije\" \/>\n<meta property=\"article:publisher\" content=\"https:\/\/www.facebook.com\/spautofolije\/?locale=hr_HR\" \/>\n<meta property=\"article:modified_time\" content=\"2024-04-18T08:44:05+00:00\" \/>\n<meta name=\"twitter:card\" content=\"summary_large_image\" \/>\n<script type=\"application\/ld+json\" class=\"yoast-schema-graph\">{\"@context\":\"https:\/\/schema.org\",\"@graph\":[{\"@type\":\"WebPage\",\"@id\":\"https:\/\/spautofolije.hr\/kontakt\/\",\"url\":\"https:\/\/spautofolije.hr\/kontakt\/\",\"name\":\"Kontakt - SP Auto Folije\",\"isPartOf\":{\"@id\":\"https:\/\/spautofolije.hr\/#website\"},\"datePublished\":\"2016-08-01T11:52:11+00:00\",\"dateModified\":\"2024-04-18T08:44:05+00:00\",\"breadcrumb\":{\"@id\":\"https:\/\/spautofolije.hr\/kontakt\/#breadcrumb\"},\"inLanguage\":\"en-US\",\"potentialAction\":[{\"@type\":\"ReadAction\",\"target\":[\"https:\/\/spautofolije.hr\/kontakt\/\"]}]},{\"@type\":\"BreadcrumbList\",\"@id\":\"https:\/\/spautofolije.hr\/kontakt\/#breadcrumb\",\"itemListElement\":[{\"@type\":\"ListItem\",\"position\":1,\"name\":\"Home\",\"item\":\"https:\/\/spautofolije.hr\/\"},{\"@type\":\"ListItem\",\"position\":2,\"name\":\"Kontakt\"}]},{\"@type\":\"WebSite\",\"@id\":\"https:\/\/spautofolije.hr\/#website\",\"url\":\"https:\/\/spautofolije.hr\/\",\"name\":\"SP Auto Folije\",\"description\":\"\",\"publisher\":{\"@id\":\"https:\/\/spautofolije.hr\/#organization\"},\"potentialAction\":[{\"@type\":\"SearchAction\",\"target\":{\"@type\":\"EntryPoint\",\"urlTemplate\":\"https:\/\/spautofolije.hr\/?s={search_term_string}\"},\"query-input\":{\"@type\":\"PropertyValueSpecification\",\"valueRequired\":true,\"valueName\":\"search_term_string\"}}],\"inLanguage\":\"en-US\"},{\"@type\":\"Organization\",\"@id\":\"https:\/\/spautofolije.hr\/#organization\",\"name\":\"SP Auto Folije\",\"url\":\"https:\/\/spautofolije.hr\/\",\"logo\":{\"@type\":\"ImageObject\",\"inLanguage\":\"en-US\",\"@id\":\"https:\/\/spautofolije.hr\/#\/schema\/logo\/image\/\",\"url\":\"https:\/\/spautofolije.hr\/wp-content\/uploads\/2024\/04\/Logo-100x100-1.png\",\"contentUrl\":\"https:\/\/spautofolije.hr\/wp-content\/uploads\/2024\/04\/Logo-100x100-1.png\",\"width\":100,\"height\":100,\"caption\":\"SP Auto Folije\"},\"image\":{\"@id\":\"https:\/\/spautofolije.hr\/#\/schema\/logo\/image\/\"},\"sameAs\":[\"https:\/\/www.facebook.com\/spautofolije\/?locale=hr_HR\"]}]}<\/script>\n<!-- \/ Yoast SEO plugin. -->","yoast_head_json":{"title":"Kontakt - SP Auto Folije","robots":{"index":"index","follow":"follow","max-snippet":"max-snippet:-1","max-image-preview":"max-image-preview:large","max-video-preview":"max-video-preview:-1"},"canonical":"https:\/\/spautofolije.hr\/en\/kontakt\/","og_locale":"en_US","og_type":"article","og_title":"Kontakt - SP Auto Folije","og_description":"Kontakt Bez obzira trebate li detalje o na\u0161im uslugama zatamnjivanja stakala, savjete o odr\u017eavanju, ili informacije o cijenama i mogu\u0107nostima, mi smo tu da vam pomognemo. Slobodno nas kontaktirajte putem e-maila, telefona ili ispunite kontakt obrazac.Na\u0161 tim \u0107e se potruditi da odgovori na Va\u0161 upit \u0161to je br\u017ee mogu\u0107e. Broj mobitela +385 95 9404 011 [&hellip;]","og_url":"https:\/\/spautofolije.hr\/en\/kontakt\/","og_site_name":"SP Auto Folije","article_publisher":"https:\/\/www.facebook.com\/spautofolije\/?locale=hr_HR","article_modified_time":"2024-04-18T08:44:05+00:00","twitter_card":"summary_large_image","schema":{"@context":"https:\/\/schema.org","@graph":[{"@type":"WebPage","@id":"https:\/\/spautofolije.hr\/kontakt\/","url":"https:\/\/spautofolije.hr\/kontakt\/","name":"Kontakt - SP Auto Folije","isPartOf":{"@id":"https:\/\/spautofolije.hr\/#website"},"datePublished":"2016-08-01T11:52:11+00:00","dateModified":"2024-04-18T08:44:05+00:00","breadcrumb":{"@id":"https:\/\/spautofolije.hr\/kontakt\/#breadcrumb"},"inLanguage":"en-US","potentialAction":[{"@type":"ReadAction","target":["https:\/\/spautofolije.hr\/kontakt\/"]}]},{"@type":"BreadcrumbList","@id":"https:\/\/spautofolije.hr\/kontakt\/#breadcrumb","itemListElement":[{"@type":"ListItem","position":1,"name":"Home","item":"https:\/\/spautofolije.hr\/"},{"@type":"ListItem","position":2,"name":"Kontakt"}]},{"@type":"WebSite","@id":"https:\/\/spautofolije.hr\/#website","url":"https:\/\/spautofolije.hr\/","name":"SP Auto Folije","description":"","publisher":{"@id":"https:\/\/spautofolije.hr\/#organization"},"potentialAction":[{"@type":"SearchAction","target":{"@type":"EntryPoint","urlTemplate":"https:\/\/spautofolije.hr\/?s={search_term_string}"},"query-input":{"@type":"PropertyValueSpecification","valueRequired":true,"valueName":"search_term_string"}}],"inLanguage":"en-US"},{"@type":"Organization","@id":"https:\/\/spautofolije.hr\/#organization","name":"SP Auto Folije","url":"https:\/\/spautofolije.hr\/","logo":{"@type":"ImageObject","inLanguage":"en-US","@id":"https:\/\/spautofolije.hr\/#\/schema\/logo\/image\/","url":"https:\/\/spautofolije.hr\/wp-content\/uploads\/2024\/04\/Logo-100x100-1.png","contentUrl":"https:\/\/spautofolije.hr\/wp-content\/uploads\/2024\/04\/Logo-100x100-1.png","width":100,"height":100,"caption":"SP Auto Folije"},"image":{"@id":"https:\/\/spautofolije.hr\/#\/schema\/logo\/image\/"},"sameAs":["https:\/\/www.facebook.com\/spautofolije\/?locale=hr_HR"]}]}},"_links":{"self":[{"href":"https:\/\/spautofolije.hr\/en\/wp-json\/wp\/v2\/pages\/226","targetHints":{"allow":["GET"]}}],"collection":[{"href":"https:\/\/spautofolije.hr\/en\/wp-json\/wp\/v2\/pages"}],"about":[{"href":"https:\/\/spautofolije.hr\/en\/wp-json\/wp\/v2\/types\/page"}],"author":[{"embeddable":true,"href":"https:\/\/spautofolije.hr\/en\/wp-json\/wp\/v2\/users\/1"}],"replies":[{"embeddable":true,"href":"https:\/\/spautofolije.hr\/en\/wp-json\/wp\/v2\/comments?post=226"}],"version-history":[{"count":21,"href":"https:\/\/spautofolije.hr\/en\/wp-json\/wp\/v2\/pages\/226\/revisions"}],"predecessor-version":[{"id":2930,"href":"https:\/\/spautofolije.hr\/en\/wp-json\/wp\/v2\/pages\/226\/revisions\/2930"}],"wp:attachment":[{"href":"https:\/\/spautofolije.hr\/en\/wp-json\/wp\/v2\/media?parent=226"}],"wp:term":[{"taxonomy":"folder","embeddable":true,"href":"https:\/\/spautofolije.hr\/en\/wp-json\/wp\/v2\/folder?post=226"}],"curies":[{"name":"wp","href":"https:\/\/api.w.org\/{rel}","templated":true}]}}