{"id":162,"date":"2016-07-31T14:24:08","date_gmt":"2016-07-31T14:24:08","guid":{"rendered":"https:\/\/spautofolije.hr\/?page_id=162"},"modified":"2024-04-21T09:06:10","modified_gmt":"2024-04-21T09:06:10","slug":"o-nama","status":"publish","type":"page","link":"https:\/\/spautofolije.hr\/en\/o-nama\/","title":{"rendered":"About us"},"content":{"rendered":"<p><section class=\"fw-main-row  ds section_padding_top_110 section_padding_bottom_110 columns_padding_15 columns_margin_bottom_10\" >\n\n\t<div class=\"container\">\n\t\t<div class=\"row\">\n\t\t\t<div class=\"col-xs-12 col-md-5\" >\n\t\n\t<h2 class=\"text-left section_header   heading-last\">\n\t<span class=\"light text-uppercase\">\n\t\tAbout us\t<\/span>\n\t<\/h2>        <span class=\"heading-underline text-left\"><\/span><p>We are a company with many years of experience in tinting windows and car wrap (changing the color of a vehicle). We are located in Marija Bistrica, which is about a 25-minute drive from Zagreb.<\/p><p>For the last 10 years, we have been trying to achieve the best possible result when tinting windows and wrapping vehicles. We continuously visit trade fairs (mainly Europe) and upgrade our knowledge day by day so that our customers are satisfied with our work and so that they can have a positive response to any unexpected problem and an approach to problem solving. We also have our own glass tinting film called SP Nano Ceramic, with which we have achieved a lot in the last year and a half and gained great trust and satisfaction from our clients.<\/p><p>We have provided the best possible equipped and clean space, since cleanliness is 90% in our business, so the workshop must be extremely clean, and in addition, it must meet the climatic conditions regarding temperature and humidity, especially regarding wrap vehicles, where the temperature should be as constant as possible to the job could be done to the highest possible standard.<\/p><p>Our office and a corner where you can refresh yourself or possibly wait until your vehicle is serviced are also located within the workshop.<\/p>\n        <div class=\"fw-divider-space\" style=\"padding-top: 20px;\"><\/div>\t\t<div class=\"teaser media\">\n\t\t\t\t\t\t\t<div class=\"media-left\">\n\t\t\t\t\t<div class=\"teaser_icon size_default main_bg_color\">\n                        \t\t\t\t\t\t    <i class=\"fa fa-line-chart\"><\/i>\n                        \t\t\t\t\t<\/div>\n\t\t\t\t<\/div>\n\t\t\t\t\t\t<div class=\"media-body toppadding_9\">\n\t\t\t\t\t\t\t\t<h4 class=\"media-heading bottommargin_20 text-uppercase\">\n\t\t\t\t\n\t\t\t\t\t10 YEARS OF EXPERIENCE\n\t\t\t\t\t\t\t\t<\/h4>\n\t\t\t\t\t\t\t\t\t\t<\/div><!-- eof .media-body -->\n\t\t<\/div><!-- eof .teaser -->\n\t\t\t\t<div class=\"teaser media\">\n\t\t\t\t\t\t\t<div class=\"media-left\">\n\t\t\t\t\t<div class=\"teaser_icon size_default main_bg_color\">\n                        \t\t\t\t\t\t    <i class=\"fa fa-users\"><\/i>\n                        \t\t\t\t\t<\/div>\n\t\t\t\t<\/div>\n\t\t\t\t\t\t<div class=\"media-body toppadding_9\">\n\t\t\t\t\t\t\t\t<h4 class=\"media-heading bottommargin_20 text-uppercase\">\n\t\t\t\t\n\t\t\t\t\t10K+ SATISFIED CUSTOMERS\n\t\t\t\t\t\t\t\t<\/h4>\n\t\t\t\t\t\t\t\t\t\t<\/div><!-- eof .media-body -->\n\t\t<\/div><!-- eof .teaser -->\n\t\t\t\t<div class=\"teaser media\">\n\t\t\t\t\t\t\t<div class=\"media-left\">\n\t\t\t\t\t<div class=\"teaser_icon size_default main_bg_color\">\n                        \t\t\t\t\t\t    <i class=\"fa fa-cog\"><\/i>\n                        \t\t\t\t\t<\/div>\n\t\t\t\t<\/div>\n\t\t\t\t\t\t<div class=\"media-body toppadding_9\">\n\t\t\t\t\t\t\t\t<h4 class=\"media-heading bottommargin_20 text-uppercase\">\n\t\t\t\t\n\t\t\t\t\t5K+ TINTED CARS\n\t\t\t\t\t\t\t\t<\/h4>\n\t\t\t\t\t\t\t\t\t\t<\/div><!-- eof .media-body -->\n\t\t<\/div><!-- eof .teaser -->\n\t\t\t\t<div class=\"teaser media\">\n\t\t\t\t\t\t\t<div class=\"media-left\">\n\t\t\t\t\t<div class=\"teaser_icon size_default main_bg_color\">\n                        \t\t\t\t\t\t    <i class=\"fa fa-car\"><\/i>\n                        \t\t\t\t\t<\/div>\n\t\t\t\t<\/div>\n\t\t\t\t\t\t<div class=\"media-body toppadding_9\">\n\t\t\t\t\t\t\t\t<h4 class=\"media-heading bottommargin_20 text-uppercase\">\n\t\t\t\t\n\t\t\t\t\t10K+ FOIL INSTALLED\n\t\t\t\t\t\t\t\t<\/h4>\n\t\t\t\t\t\t\t\t\t\t<\/div><!-- eof .media-body -->\n\t\t<\/div><!-- eof .teaser -->\n\t\t<\/div>\n<div class=\"col-xs-12 col-md-6\" >\n\t\n        <div class=\"fw-divider-space\" style=\"padding-top: 100px;\"><\/div><img loading=\"lazy\" decoding=\"async\" src=\"https:\/\/spautofolije.hr\/wp-content\/uploads\/2024\/04\/SP_ured_1-scaled-500x500.jpg\" alt=\"https:\/\/spautofolije.hr\/wp-content\/uploads\/2024\/04\/SP_ured_1-scaled-500x500.jpg\" width=\"500\" height=\"500\" \/>\n        <div class=\"fw-divider-space\" style=\"padding-top: 10px;\"><\/div><img loading=\"lazy\" decoding=\"async\" src=\"https:\/\/spautofolije.hr\/wp-content\/uploads\/2024\/04\/SP_ured_2-scaled-500x500.jpg\" alt=\"https:\/\/spautofolije.hr\/wp-content\/uploads\/2024\/04\/SP_ured_2-scaled-500x500.jpg\" width=\"500\" height=\"500\" \/><\/div>\n\t\t<\/div>\n\t<\/div>\n<\/section>\n<section class=\"fw-main-row  ds ms section_padding_top_100 section_padding_bottom_100 columns_padding_15 columns_margin_bottom_10 parallax background_cover\" style=\"background-image:url(https:\/\/spautofolije.hr\/wp-content\/uploads\/2017\/04\/2JZ_GTE_JZA80_Ridox_SoCal_Supra_Toyota_turbo_Twins_Turbo_tuning_1920x1280.jpg);\">\n\n\t<div class=\"container\">\n\t\t<div class=\"row\">\n\t\t\t<div class=\"col-xs-12 col-md-4\" >\n\t\t\t<div class=\"teaser teaser-counter text-center\">\n\t\t\t\t\t\t\t<div class=\"teaser_icon size_big highlight\">\n\t\t\t\t\t<i class=\"flaticon-avatar\"><\/i>\n\t\t\t\t<\/div>\n\t\t\t\t\t\t\t\t\t\t<h3 class=\"counter grey\" data-from=\"0\" data-to=\"10000\"\n\t\t\t\t    data-speed=\"2200\">0<\/h3>\n\t\t\t\n\t\t\t                <hr class=\"divider_2_30 main_bg_color center topmargin_10\">\n                <h5 class=\"text-uppercase fontsize_16\">\n\t\t\t\t\tClients\t\t\t\t<\/h5>\n\t\t\t\t\t<\/div>\n\t\t<\/div>\n<div class=\"col-xs-12 col-md-4\" >\n\t\t\t<div class=\"teaser teaser-counter text-center\">\n\t\t\t\t\t\t\t<div class=\"teaser_icon size_big highlight\">\n\t\t\t\t\t<i class=\"flaticon-clock-1\"><\/i>\n\t\t\t\t<\/div>\n\t\t\t\t\t\t\t\t\t\t<h3 class=\"counter grey\" data-from=\"0\" data-to=\"90000\"\n\t\t\t\t    data-speed=\"3000\">0<\/h3>\n\t\t\t\n\t\t\t                <hr class=\"divider_2_30 main_bg_color center topmargin_10\">\n                <h5 class=\"text-uppercase fontsize_16\">\n\t\t\t\t\tHOURS\t\t\t\t<\/h5>\n\t\t\t\t\t<\/div>\n\t\t<\/div>\n<div class=\"col-xs-12 col-md-4\" >\n\t\t\t<div class=\"teaser teaser-counter text-center\">\n\t\t\t\t\t\t\t<div class=\"teaser_icon size_big highlight\">\n\t\t\t\t\t<i class=\"flaticon-glasses\"><\/i>\n\t\t\t\t<\/div>\n\t\t\t\t\t\t\t\t\t\t<h3 class=\"counter grey\" data-from=\"0\" data-to=\"12000\"\n\t\t\t\t    data-speed=\"1200\">0<\/h3>\n\t\t\t\n\t\t\t                <hr class=\"divider_2_30 main_bg_color center topmargin_10\">\n                <h5 class=\"text-uppercase fontsize_16\">\n\t\t\t\t\tSupport\t\t\t\t<\/h5>\n\t\t\t\t\t<\/div>\n\t\t<\/div>\n\t\t<\/div>\n\t<\/div>\n<\/section>\n<section class=\"fw-main-row  ds section_padding_top_100 section_padding_bottom_75 columns_padding_15 columns_margin_bottom_40\" >\n\n\t<div class=\"container\">\n\t\t<div class=\"row\">\n\t\t\t\n        <div class=\"fw-divider-space\" style=\"padding-top: 5px;\"><\/div><div class=\"col-xs-12\" >\n\t\n\t<h2 class=\"text-center section_header   heading-last\">\n\t<span class=\"light text-uppercase\">\n\t\tWhat we do\t<\/span>\n\t<\/h2>        <span class=\"heading-underline text-center\"><\/span>\n        <div class=\"fw-divider-space\" style=\"margin-top: -15px;\"><\/div><\/div>\n<div class=\"col-xs-12 col-md-4\" >\n\t\t<div class=\"teaser text-center\">\n\t\t\t\t<div class=\"teaser_icon size_big2 highlight\">\n            <a href=\"https:\/\/spautofolije.hr\/service\/service-6\/\">                <i class=\"flaticon-share\"><\/i>\n            <\/a>\t\t<\/div>\n\t\t\t\t\t<h4>\n\t\t\t\t\t<a href=\"https:\/\/spautofolije.hr\/service\/service-6\/\">\n\t\t\n\t\tPPF\n\t\t\t\t\t<\/a>\n\t\t\t\t<\/h4>\n\t\t\t\t\t<p>\n\t\t\tVehicle protection with PPF foil (polyurethane).\n\nThis is an exclusively transparent film that is applied over the paintwork of your vehicle to protect the paintwork of the new vehicle from stones and other things from everyday life that can be found on the way from point A to point B.\n\nThe film is 160 microns thick, which will protect the impact of stones on the front of your vehicle. The film also has a UV coating inside, so the color of your vehicle will be the same as the first day it left the store.\n\nThe film comes in matte or gloss variants. The gloss variant does not change the color of the vehicle, and it is possible to refinish only the front parts that are exposed to stones and salt in winter conditions. The matte version will give your vehicle protection and a new look because the color will be matte.\n\nThere is also PPF in color so that a color change can also be done with PPF foil.\nWe also offer one of the most realistic Carbon that comes from the premium brand SkyFol in the PPF variant.\n\nThe life of the film is up to 10 years and we only apply SkyFol PPF nano variants and in most cases PPF Nano 3.\n\n\t\t<\/p>\n\t\t\t\t\t<\/div>\n\t<\/div>\n<div class=\"col-xs-12 col-md-4\" >\n\t\t<div class=\"teaser text-center\">\n\t\t\t\t<div class=\"teaser_icon size_big2 highlight\">\n            <a href=\"https:\/\/spautofolije.hr\/service\/service-5\/\">                <i class=\"flaticon-printer\"><\/i>\n            <\/a>\t\t<\/div>\n\t\t\t\t\t<h4>\n\t\t\t\t\t<a href=\"https:\/\/spautofolije.hr\/service\/service-5\/\">\n\t\t\n\t\tWrap\n\t\t\t\t\t<\/a>\n\t\t\t\t<\/h4>\n\t\t\t\t\t<p>\n\t\t\tAs for car wrap, we use only the world's most famous film brands such as Arlon, Oracal, Iristek, APA and Avery Dennison.\n\nA very clean workshop is required for high-quality work on the vehicle. Then a certain temperature for the entire time of applying the film to the vehicle. Certain humidity.\nThe most important thing is that, as a rule, the vehicle should be in its original paint, so that it can actually be done in the best possible way and with high quality.\nVehicles that have been subsequently painted and vehicles older than 10 years, it is necessary to come to us for any agreement in order to see if the paint is in good condition so that it can be done with quality so that the film itself does not lift later or with the application that the foil lifts the varnish from poorly subsequently painted surfaces.\n\nThe lifetime of the films is from 1 to 7 years (at best). The service life depends exclusively on the maintenance of the vehicle itself (washing and cleaning). Some of our vehicles have been wrapped in foil for about 6 years and have no problems.\nFor the maximum life of the foil, we also offer a specially designed ceramic coating based on GRAPHENE, which, when the foil is coated, retains its color for many years, and it is much easier to maintain the vehicle itself by washing it.\n\t\t<\/p>\n\t\t\t\t\t<\/div>\n\t<\/div>\n<div class=\"col-xs-12 col-md-4\" >\n\t\t<div class=\"teaser text-center\">\n\t\t\t\t<div class=\"teaser_icon size_big2 highlight\">\n            <a href=\"https:\/\/spautofolije.hr\/service\/service-4\/\">                <i class=\"flaticon-cup\"><\/i>\n            <\/a>\t\t<\/div>\n\t\t\t\t\t<h4>\n\t\t\t\t\t<a href=\"https:\/\/spautofolije.hr\/service\/service-4\/\">\n\t\t\n\t\tDARKENED\n\t\t\t\t\t<\/a>\n\t\t\t\t<\/h4>\n\t\t\t\t\t<p>\n\t\t\tWindow tinting.\nWe offer our SP Nano Ceramic film, which has a special ceramic coating on it that additionally prevents the entry of heat through the glass. UV protection is 99%, while the most important information that few people talk about is the IR factor of 90-95%, depending on the coating on the existing glass on the vehicle.\nIR is the most important when it comes to heating the vehicle, because what actually warms you are IR rays (principle like IR heaters) not UV. UV protects from fading the interior, your clothes and other things that can be found in the vehicle.\nWe also use the SkyFol Babyguard series, where the aforementioned figures rise to UV99% and IR 95-99%.\nWe provide a 10-YEAR warranty on installation and the film itself on both films.\nWe want our clients to receive exclusive quality and that not only the tinted vehicle should be as it should be, but that the film actually protects you.\nWe pay the most attention to those at least on the back seat, and just as the foils protect from the sun, they are also there to protect against the scattering of glass on the interior of the vehicle, and in the event that there is foil on the windows, it will not be scattered on the passengers and injure them.\nWe also tint windows in commercial buildings and private houses where the temperature drops drastically in the summer months. Special foils are used, which are intended exclusively for darkening objects.\nWe also have foils that are Security grade and are used against breaking the glass itself. \n\t\t<\/p>\n\t\t\t\t\t<\/div>\n\t<\/div>\n\t\t<\/div>\n\t<\/div>\n<\/section>\n<\/p>","protected":false},"excerpt":{"rendered":"<p>O nama Tvrtka smo sa dugogodi\u0161njim iskustvom \u0161to se ti\u010de zatamnjivanja stakala te car wrap (promjena boje vozila). Nalazimo se u mjestu Marija Bistrica \u0161to je udaljeno nekih 25 min vo\u017enje od Zagreba.Zadnjih 10 godina trudimo se posti\u010di \u0161to bolji rezlultat kod zatamnjivanja stakala i wrap vozila. Kontinuiramo posje\u0107ujemo sajmove (uglavnom Europa) te nadogra\u0111ujemo svoje [&hellip;]<\/p>","protected":false},"author":1,"featured_media":0,"parent":0,"menu_order":1,"comment_status":"closed","ping_status":"closed","template":"page-templates\/full-width.php","meta":{"footnotes":""},"folder":[],"class_list":["post-162","page","type-page","status-publish","hentry"],"yoast_head":"<!-- This site is optimized with the Yoast SEO plugin v26.2 - https:\/\/yoast.com\/wordpress\/plugins\/seo\/ -->\n<title>O nama - SP Auto Folije<\/title>\n<meta name=\"robots\" content=\"index, follow, max-snippet:-1, max-image-preview:large, max-video-preview:-1\" \/>\n<link rel=\"canonical\" href=\"https:\/\/spautofolije.hr\/en\/o-nama\/\" \/>\n<meta property=\"og:locale\" content=\"en_US\" \/>\n<meta property=\"og:type\" content=\"article\" \/>\n<meta property=\"og:title\" content=\"O nama - SP Auto Folije\" \/>\n<meta property=\"og:description\" content=\"O nama Tvrtka smo sa dugogodi\u0161njim iskustvom \u0161to se ti\u010de zatamnjivanja stakala te car wrap (promjena boje vozila). Nalazimo se u mjestu Marija Bistrica \u0161to je udaljeno nekih 25 min vo\u017enje od Zagreba.Zadnjih 10 godina trudimo se posti\u010di \u0161to bolji rezlultat kod zatamnjivanja stakala i wrap vozila. Kontinuiramo posje\u0107ujemo sajmove (uglavnom Europa) te nadogra\u0111ujemo svoje [&hellip;]\" \/>\n<meta property=\"og:url\" content=\"https:\/\/spautofolije.hr\/en\/o-nama\/\" \/>\n<meta property=\"og:site_name\" content=\"SP Auto Folije\" \/>\n<meta property=\"article:publisher\" content=\"https:\/\/www.facebook.com\/spautofolije\/?locale=hr_HR\" \/>\n<meta property=\"article:modified_time\" content=\"2024-04-21T09:06:10+00:00\" \/>\n<meta property=\"og:image\" content=\"https:\/\/spautofolije.hr\/wp-content\/uploads\/2024\/04\/SP_ured_1-scaled-500x500.jpg\" \/>\n<meta name=\"twitter:card\" content=\"summary_large_image\" \/>\n<meta name=\"twitter:label1\" content=\"Est. reading time\" \/>\n\t<meta name=\"twitter:data1\" content=\"5 minutes\" \/>\n<script type=\"application\/ld+json\" class=\"yoast-schema-graph\">{\"@context\":\"https:\/\/schema.org\",\"@graph\":[{\"@type\":\"WebPage\",\"@id\":\"https:\/\/spautofolije.hr\/o-nama\/\",\"url\":\"https:\/\/spautofolije.hr\/o-nama\/\",\"name\":\"O nama - SP Auto Folije\",\"isPartOf\":{\"@id\":\"https:\/\/spautofolije.hr\/#website\"},\"primaryImageOfPage\":{\"@id\":\"https:\/\/spautofolije.hr\/o-nama\/#primaryimage\"},\"image\":{\"@id\":\"https:\/\/spautofolije.hr\/o-nama\/#primaryimage\"},\"thumbnailUrl\":\"https:\/\/spautofolije.hr\/wp-content\/uploads\/2024\/04\/SP_ured_1-scaled-500x500.jpg\",\"datePublished\":\"2016-07-31T14:24:08+00:00\",\"dateModified\":\"2024-04-21T09:06:10+00:00\",\"breadcrumb\":{\"@id\":\"https:\/\/spautofolije.hr\/o-nama\/#breadcrumb\"},\"inLanguage\":\"en-US\",\"potentialAction\":[{\"@type\":\"ReadAction\",\"target\":[\"https:\/\/spautofolije.hr\/o-nama\/\"]}]},{\"@type\":\"ImageObject\",\"inLanguage\":\"en-US\",\"@id\":\"https:\/\/spautofolije.hr\/o-nama\/#primaryimage\",\"url\":\"https:\/\/spautofolije.hr\/wp-content\/uploads\/2024\/04\/SP_ured_1-scaled-500x500.jpg\",\"contentUrl\":\"https:\/\/spautofolije.hr\/wp-content\/uploads\/2024\/04\/SP_ured_1-scaled-500x500.jpg\"},{\"@type\":\"BreadcrumbList\",\"@id\":\"https:\/\/spautofolije.hr\/o-nama\/#breadcrumb\",\"itemListElement\":[{\"@type\":\"ListItem\",\"position\":1,\"name\":\"Home\",\"item\":\"https:\/\/spautofolije.hr\/\"},{\"@type\":\"ListItem\",\"position\":2,\"name\":\"O nama\"}]},{\"@type\":\"WebSite\",\"@id\":\"https:\/\/spautofolije.hr\/#website\",\"url\":\"https:\/\/spautofolije.hr\/\",\"name\":\"SP Auto Folije\",\"description\":\"\",\"publisher\":{\"@id\":\"https:\/\/spautofolije.hr\/#organization\"},\"potentialAction\":[{\"@type\":\"SearchAction\",\"target\":{\"@type\":\"EntryPoint\",\"urlTemplate\":\"https:\/\/spautofolije.hr\/?s={search_term_string}\"},\"query-input\":{\"@type\":\"PropertyValueSpecification\",\"valueRequired\":true,\"valueName\":\"search_term_string\"}}],\"inLanguage\":\"en-US\"},{\"@type\":\"Organization\",\"@id\":\"https:\/\/spautofolije.hr\/#organization\",\"name\":\"SP Auto Folije\",\"url\":\"https:\/\/spautofolije.hr\/\",\"logo\":{\"@type\":\"ImageObject\",\"inLanguage\":\"en-US\",\"@id\":\"https:\/\/spautofolije.hr\/#\/schema\/logo\/image\/\",\"url\":\"https:\/\/spautofolije.hr\/wp-content\/uploads\/2024\/04\/Logo-100x100-1.png\",\"contentUrl\":\"https:\/\/spautofolije.hr\/wp-content\/uploads\/2024\/04\/Logo-100x100-1.png\",\"width\":100,\"height\":100,\"caption\":\"SP Auto Folije\"},\"image\":{\"@id\":\"https:\/\/spautofolije.hr\/#\/schema\/logo\/image\/\"},\"sameAs\":[\"https:\/\/www.facebook.com\/spautofolije\/?locale=hr_HR\"]}]}<\/script>\n<!-- \/ Yoast SEO plugin. -->","yoast_head_json":{"title":"O nama - SP Auto Folije","robots":{"index":"index","follow":"follow","max-snippet":"max-snippet:-1","max-image-preview":"max-image-preview:large","max-video-preview":"max-video-preview:-1"},"canonical":"https:\/\/spautofolije.hr\/en\/o-nama\/","og_locale":"en_US","og_type":"article","og_title":"O nama - SP Auto Folije","og_description":"O nama Tvrtka smo sa dugogodi\u0161njim iskustvom \u0161to se ti\u010de zatamnjivanja stakala te car wrap (promjena boje vozila). Nalazimo se u mjestu Marija Bistrica \u0161to je udaljeno nekih 25 min vo\u017enje od Zagreba.Zadnjih 10 godina trudimo se posti\u010di \u0161to bolji rezlultat kod zatamnjivanja stakala i wrap vozila. Kontinuiramo posje\u0107ujemo sajmove (uglavnom Europa) te nadogra\u0111ujemo svoje [&hellip;]","og_url":"https:\/\/spautofolije.hr\/en\/o-nama\/","og_site_name":"SP Auto Folije","article_publisher":"https:\/\/www.facebook.com\/spautofolije\/?locale=hr_HR","article_modified_time":"2024-04-21T09:06:10+00:00","og_image":[{"url":"https:\/\/spautofolije.hr\/wp-content\/uploads\/2024\/04\/SP_ured_1-scaled-500x500.jpg","type":"","width":"","height":""}],"twitter_card":"summary_large_image","twitter_misc":{"Est. reading time":"5 minutes"},"schema":{"@context":"https:\/\/schema.org","@graph":[{"@type":"WebPage","@id":"https:\/\/spautofolije.hr\/o-nama\/","url":"https:\/\/spautofolije.hr\/o-nama\/","name":"O nama - SP Auto Folije","isPartOf":{"@id":"https:\/\/spautofolije.hr\/#website"},"primaryImageOfPage":{"@id":"https:\/\/spautofolije.hr\/o-nama\/#primaryimage"},"image":{"@id":"https:\/\/spautofolije.hr\/o-nama\/#primaryimage"},"thumbnailUrl":"https:\/\/spautofolije.hr\/wp-content\/uploads\/2024\/04\/SP_ured_1-scaled-500x500.jpg","datePublished":"2016-07-31T14:24:08+00:00","dateModified":"2024-04-21T09:06:10+00:00","breadcrumb":{"@id":"https:\/\/spautofolije.hr\/o-nama\/#breadcrumb"},"inLanguage":"en-US","potentialAction":[{"@type":"ReadAction","target":["https:\/\/spautofolije.hr\/o-nama\/"]}]},{"@type":"ImageObject","inLanguage":"en-US","@id":"https:\/\/spautofolije.hr\/o-nama\/#primaryimage","url":"https:\/\/spautofolije.hr\/wp-content\/uploads\/2024\/04\/SP_ured_1-scaled-500x500.jpg","contentUrl":"https:\/\/spautofolije.hr\/wp-content\/uploads\/2024\/04\/SP_ured_1-scaled-500x500.jpg"},{"@type":"BreadcrumbList","@id":"https:\/\/spautofolije.hr\/o-nama\/#breadcrumb","itemListElement":[{"@type":"ListItem","position":1,"name":"Home","item":"https:\/\/spautofolije.hr\/"},{"@type":"ListItem","position":2,"name":"O nama"}]},{"@type":"WebSite","@id":"https:\/\/spautofolije.hr\/#website","url":"https:\/\/spautofolije.hr\/","name":"SP Auto Folije","description":"","publisher":{"@id":"https:\/\/spautofolije.hr\/#organization"},"potentialAction":[{"@type":"SearchAction","target":{"@type":"EntryPoint","urlTemplate":"https:\/\/spautofolije.hr\/?s={search_term_string}"},"query-input":{"@type":"PropertyValueSpecification","valueRequired":true,"valueName":"search_term_string"}}],"inLanguage":"en-US"},{"@type":"Organization","@id":"https:\/\/spautofolije.hr\/#organization","name":"SP Auto Folije","url":"https:\/\/spautofolije.hr\/","logo":{"@type":"ImageObject","inLanguage":"en-US","@id":"https:\/\/spautofolije.hr\/#\/schema\/logo\/image\/","url":"https:\/\/spautofolije.hr\/wp-content\/uploads\/2024\/04\/Logo-100x100-1.png","contentUrl":"https:\/\/spautofolije.hr\/wp-content\/uploads\/2024\/04\/Logo-100x100-1.png","width":100,"height":100,"caption":"SP Auto Folije"},"image":{"@id":"https:\/\/spautofolije.hr\/#\/schema\/logo\/image\/"},"sameAs":["https:\/\/www.facebook.com\/spautofolije\/?locale=hr_HR"]}]}},"_links":{"self":[{"href":"https:\/\/spautofolije.hr\/en\/wp-json\/wp\/v2\/pages\/162","targetHints":{"allow":["GET"]}}],"collection":[{"href":"https:\/\/spautofolije.hr\/en\/wp-json\/wp\/v2\/pages"}],"about":[{"href":"https:\/\/spautofolije.hr\/en\/wp-json\/wp\/v2\/types\/page"}],"author":[{"embeddable":true,"href":"https:\/\/spautofolije.hr\/en\/wp-json\/wp\/v2\/users\/1"}],"replies":[{"embeddable":true,"href":"https:\/\/spautofolije.hr\/en\/wp-json\/wp\/v2\/comments?post=162"}],"version-history":[{"count":16,"href":"https:\/\/spautofolije.hr\/en\/wp-json\/wp\/v2\/pages\/162\/revisions"}],"predecessor-version":[{"id":3038,"href":"https:\/\/spautofolije.hr\/en\/wp-json\/wp\/v2\/pages\/162\/revisions\/3038"}],"wp:attachment":[{"href":"https:\/\/spautofolije.hr\/en\/wp-json\/wp\/v2\/media?parent=162"}],"wp:term":[{"taxonomy":"folder","embeddable":true,"href":"https:\/\/spautofolije.hr\/en\/wp-json\/wp\/v2\/folder?post=162"}],"curies":[{"name":"wp","href":"https:\/\/api.w.org\/{rel}","templated":true}]}}